{"id":49,"date":"2017-10-30T21:02:30","date_gmt":"2017-10-30T21:02:30","guid":{"rendered":"http:\/\/btgvicenza.it\/?page_id=49"},"modified":"2023-11-02T16:50:15","modified_gmt":"2023-11-02T16:50:15","slug":"la-rifondazione-del-2017","status":"publish","type":"page","link":"https:\/\/btgvicenza.it\/?page_id=49","title":{"rendered":"Ricostituzione del 2017"},"content":{"rendered":"<p>Nel maggio 2017 viene ricostituito per la seconda volta come reparto operativo di pronto intervento per calamit\u00e0 naturali, con speciali e moderne dotazioni, inquadrato nel 9\u00b0 Reggimento Alpini con sede all\u2019Aquila sotto il comando del Colonnello&nbsp;Fulvio Menegazzo.<\/p>\n<p>Il 22 settembre 2018 subentra al comando del Battaglione il tenente colonnello Lorenzo Rivi .<\/p>\n<hr>\n<p>Incendio Monte Morrone, in azione il Battaglione Alpini Vicenza insieme ai Vigili del Fuoco<\/p>\n<p><a href=\"https:\/\/btgvicenza.it\/wp-content\/uploads\/2017\/11\/Emergenza-incendi-Abruzzo-2017_08_28.jpg\"><img loading=\"lazy\" decoding=\"async\" class=\"size-medium wp-image-109 alignleft\" src=\"https:\/\/btgvicenza.it\/wp-content\/uploads\/2017\/11\/Emergenza-incendi-Abruzzo-2017_08_28-300x169.jpg\" alt=\"\" width=\"300\" height=\"169\" srcset=\"https:\/\/btgvicenza.it\/wp-content\/uploads\/2017\/11\/Emergenza-incendi-Abruzzo-2017_08_28-300x169.jpg 300w, https:\/\/btgvicenza.it\/wp-content\/uploads\/2017\/11\/Emergenza-incendi-Abruzzo-2017_08_28.jpg 480w\" sizes=\"auto, (max-width: 300px) 100vw, 300px\" \/><\/a><\/p>\n<p>Cinquanta alpini del 9\u00b0 Reggimento dell&#8217;Aquila appartenenti al Battaglione Vicenza, istituito per affrontare le emergenze di pubblica utilit\u00e0 di diversa natura in Italia centrale, stanno operando, coordinati dal Comando di vertice Operativo Interforze (COI), al fianco della Protezione Civile per contrastare l&#8217;incendio divampato in Abruzzo, sul Monte Morrone vicino Sulmona.<br \/>\nIn particolare, una squadra del battaglione multifunzionale \u00e8 stata trasportata da un elicottero dei Vigili del Fuoco per prevenire il propagarsi dell&#8217;incendio che minaccia l&#8217;eremo di Santa Croce e contemporaneamente altre due squadre di militari sono intervenute con i Vigili del Fuoco presso il comune di Prezza per evitare che le fiamme arrivassero al centro abitato.<br \/>\nSull\u2019altro versante, nel comune di Antrodoco, altri 15 militari sono intervenuti con 3 autobotti per emergenza acqua.<br \/>\nIl Battaglione \u201cVicenza\u201d, recentemente costituito su autorizzazione del Capo di Stato Maggiore della Difesa, \u00e8 stato voluto dal Ministro della Difesa per mettere a frutto l&#8217;esperienza maturata dal tragico evento del sisma che ha colpito l&#8217;Italia centrale. Esso dimostra la &#8220;capacit\u00e0 duale&#8221; delle Forze Armate al servizio del Paese ed \u00e8 in grado di intervenire nel campo della pubblica utilit\u00e0 e nei casi di calamit\u00e0 naturali nell\u2019area appenninica centrale.<br \/>\nIn particolare, questa unit\u00e0 dell\u2019Esercito dislocata a L&#8217;Aquila in una zona altamente sismica, \u00e8 nata per garantire la pronta disponibilit\u00e0 di risorse idonee a svolgere attivit\u00e0 come il rifornimento idrico, la produzione e distribuzione di energia, la costruzione, riparazione e mantenimento di strade, di ponti e di strutture alloggiative temporanee, oltre ad assicurare la mobilit\u00e0 in ambiente innevato.<\/p>\n<p><span style=\"font-size: 14px;\">da Ministero della Difesa &#8211; www.difesa.it<br \/>\n28 agosto 2017<\/span><\/p>\n","protected":false},"excerpt":{"rendered":"<p>Nel maggio 2017 viene ricostituito per la seconda volta come reparto operativo di pronto intervento per calamit\u00e0 naturali, con speciali e moderne dotazioni, inquadrato nel 9\u00b0 Reggimento Alpini con sede all\u2019Aquila sotto il comando&#46;&#46;&#46;<\/p>\n","protected":false},"author":1,"featured_media":0,"parent":0,"menu_order":0,"comment_status":"closed","ping_status":"closed","template":"","meta":{"ngg_post_thumbnail":0,"footnotes":""},"class_list":["post-49","page","type-page","status-publish","hentry"],"_links":{"self":[{"href":"https:\/\/btgvicenza.it\/index.php?rest_route=\/wp\/v2\/pages\/49","targetHints":{"allow":["GET"]}}],"collection":[{"href":"https:\/\/btgvicenza.it\/index.php?rest_route=\/wp\/v2\/pages"}],"about":[{"href":"https:\/\/btgvicenza.it\/index.php?rest_route=\/wp\/v2\/types\/page"}],"author":[{"embeddable":true,"href":"https:\/\/btgvicenza.it\/index.php?rest_route=\/wp\/v2\/users\/1"}],"replies":[{"embeddable":true,"href":"https:\/\/btgvicenza.it\/index.php?rest_route=%2Fwp%2Fv2%2Fcomments&post=49"}],"version-history":[{"count":0,"href":"https:\/\/btgvicenza.it\/index.php?rest_route=\/wp\/v2\/pages\/49\/revisions"}],"wp:attachment":[{"href":"https:\/\/btgvicenza.it\/index.php?rest_route=%2Fwp%2Fv2%2Fmedia&parent=49"}],"curies":[{"name":"wp","href":"https:\/\/api.w.org\/{rel}","templated":true}]}}