{"id":38,"date":"2017-10-30T20:47:29","date_gmt":"2017-10-30T20:47:29","guid":{"rendered":"http:\/\/btgvicenza.it\/?page_id=38"},"modified":"2023-11-02T16:44:01","modified_gmt":"2023-11-02T16:44:01","slug":"la-campana","status":"publish","type":"page","link":"https:\/\/btgvicenza.it\/?page_id=38","title":{"rendered":"La campana"},"content":{"rendered":"<p>Durante la campagna greco-albanese, gli alpini del &#8220;Vicenza&#8221; trovarono una campana di bronzo tra le macerie di un sacello distrutto dai bombardamenti. La raccolsero con molta devozione e, tutti animati dallo stesso amore per la terra natia, fecero voto che chi fosse tornato per primo in Italia avrebbe portato il sacro bronzo alla Madonna di Monte Berico, in segno di riconoscenza.<\/p>\n<p>E fu cos\u00ec che la campana, gelosamente custodita, portata a spalle o a dorso di mulo, segu\u00ec i valorosi alpini, in ogni loro peregrinare e nelle epiche battaglie. Addirittura sotterrata durante i combattimenti o i bombardamenti e poi riportata alla luce, in trionfo, dopo ogni perigliosa impresa.<br \/>\nSedici gloriose penne nere del &#8220;Vicenza&#8221; ritornarono in Patria e, a nome del Battaglione, portarono la campana al Santuario di Monte Berico, sciogliendo cos\u00ec il voto fatto sul campo di battaglia.<\/p>\n<p>Contemporaneamente era stata eretta, per il voto di un reduce dal fronte russo, una chiesetta tra i due castelli di Montecchio Maggiore, a 15 km da Vicenza, e cos\u00ec gli alpini pensarono di collocare, sul piccolo campanile che la sovrasta, la storica campana portata dal fronte greco-albanese e donata al Santuario di Monte Berico, in modo che i due voti si fondessero in uno solo, idealmente.<br \/>\nI Padri del Santuario Berico aderirono alla proposta con la pi\u00f9 completa generosit\u00e0, concedendo in uso perpetuo il sacro bronzo, &#8220;perch\u00e9 di lass\u00f9 potesse chiamare a raccolta le genti alpine alla loro bella, ispirata e mistica chiesetta, dedicata alla Madonna dei Castelli, patrona degli Alpini, per recitare insieme, a ricordo degli Alpini caduti sui vari fronti di guerra, la preghiera scritta sul marmo&#8221;.<\/p>\n<p>Ed il 4 ottobre 1945 i reduci del Battaglione Vicenza inaugurarono la chiesetta votiva dedicata alla &#8220;Madonna dei Castelli&#8221;.<\/p>\n<p><em>Immagini del Gruppo Alpini di Montecchio Maggiore &#8211; ogni diritto riservato<\/em><br \/>\nngg_shortcode_0_placeholder<br \/>\nPreghiera alla MADONNA DEI CASTELLI &#8211; patrona degli Alpini &#8211;<\/p>\n<p>Benedici o Madonna le giovani e vecchie penne nere<br \/>\nvigili scolte alle frontiere<br \/>\nBenedici o Madonna le nostre madri le nostre spose<br \/>\ne i figli nostri lontani<br \/>\nBenedici o Madonna le nostre baite, le limpide fonti<br \/>\ne il mistero dei boschi<br \/>\nBenedici o Madonna le nostre montagne le solinghe valli<br \/>\ne i silenzi delle candide cime<br \/>\nVeglia o Madonna sui nostri Capi, sul Tricolore<br \/>\ne sulla Patria nostra l&#8217;Italia<br \/>\nAiutaci o Madonna nel pericolo, salva le nostre anime<br \/>\ne guidaci alla vittoria !<br \/>\nAmen<\/p>\n<p>La preghiera \u00e8 scritta su una pregevole scultura in marmo, all&#8217;interno della chiesetta, opera dello scultore vicentino Giuseppe Zanetti, artigliere alpino.<\/p>\n","protected":false},"excerpt":{"rendered":"<p>Durante la campagna greco-albanese, gli alpini del &#8220;Vicenza&#8221; trovarono una campana di bronzo tra le macerie di un sacello distrutto dai bombardamenti. La raccolsero con molta devozione e, tutti animati dallo stesso amore per&#46;&#46;&#46;<\/p>\n","protected":false},"author":1,"featured_media":0,"parent":17,"menu_order":0,"comment_status":"closed","ping_status":"closed","template":"","meta":{"ngg_post_thumbnail":0,"footnotes":""},"class_list":["post-38","page","type-page","status-publish","hentry"],"_links":{"self":[{"href":"https:\/\/btgvicenza.it\/index.php?rest_route=\/wp\/v2\/pages\/38","targetHints":{"allow":["GET"]}}],"collection":[{"href":"https:\/\/btgvicenza.it\/index.php?rest_route=\/wp\/v2\/pages"}],"about":[{"href":"https:\/\/btgvicenza.it\/index.php?rest_route=\/wp\/v2\/types\/page"}],"author":[{"embeddable":true,"href":"https:\/\/btgvicenza.it\/index.php?rest_route=\/wp\/v2\/users\/1"}],"replies":[{"embeddable":true,"href":"https:\/\/btgvicenza.it\/index.php?rest_route=%2Fwp%2Fv2%2Fcomments&post=38"}],"version-history":[{"count":0,"href":"https:\/\/btgvicenza.it\/index.php?rest_route=\/wp\/v2\/pages\/38\/revisions"}],"up":[{"embeddable":true,"href":"https:\/\/btgvicenza.it\/index.php?rest_route=\/wp\/v2\/pages\/17"}],"wp:attachment":[{"href":"https:\/\/btgvicenza.it\/index.php?rest_route=%2Fwp%2Fv2%2Fmedia&parent=38"}],"curies":[{"name":"wp","href":"https:\/\/api.w.org\/{rel}","templated":true}]}}