{"id":17,"date":"2017-10-30T20:33:03","date_gmt":"2017-10-30T20:33:03","guid":{"rendered":"http:\/\/btgvicenza.it\/?page_id=17"},"modified":"2023-11-02T17:35:21","modified_gmt":"2023-11-02T17:35:21","slug":"la-seconda-guerra-mondiale","status":"publish","type":"page","link":"https:\/\/btgvicenza.it\/?page_id=17","title":{"rendered":"2\u00aa G. M."},"content":{"rendered":"<p>Alla campagna Albania-Grecia fu destinato il corpo di spedizione del quale faceva parte anche la Divisione &#8220;Julia&#8221; e quindi il 9\u00b0 Alpini e perci\u00f2 anche il Battaglione Vicenza.<br \/>\nQuando il 28 ottobre 1940 inizi\u00f2 l&#8217;attacco alla Grecia, il &#8220;Vicenza&#8221; era gi\u00e0 dislocato sul confine nella zona di Germeni, donde mosse in direzione di Amarantos, proseguendo poi in condizioni atmosferiche disastrose fino alla Vojussia in piena.<br \/>\nLa brutta piega assunta dalla disgraziata campagna di Grecia costrinse tutti i reparti a compiere inauditi sacrifici ed il &#8220;Vicenza&#8221; si distinse in queste durissime imprese , particolarmente a Sella Kristobasileo e sul tormentato fronte di S. Atanasio.<br \/>\nAnche nel successivo periodo di generale ripiegamento, la &#8220;Julia&#8221; ebbe il compito di concorrere all&#8217;arresto dell&#8217;offensiva ellenica ed il &#8220;Vicenza&#8221; insieme con &#8220;L&#8217;Aquila&#8221; si distinse per eroismo e valore tra Frasheri e la Vojussia, sul Chiarista e sulla linea tra il M. Scindeli ed il Golico.<br \/>\nRientrato in Italia nell&#8217;aprile del 1942 il Battaglione fu approntato per partecipare alla nuova avventura sul fronte russo, con quadri quasi del tutto rinnovati.<br \/>\nLasciata Gorizia a met\u00e0 agosto e raggiunta in tradotta Izijm, in riva al Donez, il Battaglione prosegu\u00ec con una lunga marcia di quasi trecento chilometri fino al Don dove si schier\u00f2 sulla riva destra del fiume.<br \/>\nAll&#8217;inizio della seconda decade di dicembre cominci\u00f2 la grande offensiva russa che impegn\u00f2 anche il Corpo d&#8217;Armata Alpino.<br \/>\nIl &#8220;Vicenza&#8221; oper\u00f2 in clima di gelo polare nella zona di Krinitschnaia, sulle alture ad occidente del quadrivio di Selenyi-Jar e nella depressione di Belogorzew, dove gli Alpini, pur con immani sacrifici, riuscirono a ristabilire le linee tedesche sfondate dai russi.<br \/>\nMa il giorno 30 dicembre un&#8217;ondata poderosa di carri armati nemici si scaten\u00f2 come una furia, alla quale si oppose in impari lotta il sovrumano valore degli Alpini. Infiniti atti di eroismo si compirono in quei giorni, finch\u00e9 l&#8217;urto russo si spost\u00f2 a nord travolgendo la linea tenuta dagli Ungheresi.<br \/>\nPertanto venne l&#8217;ordine di ritirarsi, ma questo solo il 16 gennaio quando cio\u00e8 la situazione si era fatta disperata.<br \/>\nCrudelmente assottigliato, il &#8220;Vicenza&#8221; inizi\u00f2 allora la tragica ritirata, sostenendo continui combattimenti e muovendo penosamente per Kopanki e Samoilenkov fino a Lessnitschanski, dove un ennesimo e travolgente attacco di carri armati russi distrusse quasi completamente gli ultimi resti del Battaglione ormai quasi disarmati ma di certo affamati e stremati dal gelo.<br \/>\nIl calvario non era per\u00f2 ancora finito per i pochi superstiti che, a fine gennaio 1943, si aprirono nuovamente la via con le poche armi disponibili contro grosse formazioni partigiane, finch\u00e9 riuscirono a congiungersi con la colonna della Tridentina, condividendone le ultime durissime vicende.<br \/>\nIl Battaglione sarebbe dovuto rientrare in Patria dalla Russia, per il cambio, nel 1943 e in questa attesa, nel 1942, un comitato di donne vicentine ricam\u00f2 le drappelle per le sue quattro compagnie: ma il &#8220;Vicenza&#8221; non torn\u00f2 a casa, fu distrutto.<br \/>\nQueste drappelle sono conservate presso la sede della Sezione di Vicenza dell&#8217;Associazione Nazionale Alpini, al Torrione degli Alpini in Viale d&#8217;Alviano.<\/p>\n","protected":false},"excerpt":{"rendered":"<p>Alla campagna Albania-Grecia fu destinato il corpo di spedizione del quale faceva parte anche la Divisione &#8220;Julia&#8221; e quindi il 9\u00b0 Alpini e perci\u00f2 anche il Battaglione Vicenza. Quando il 28 ottobre 1940 inizi\u00f2&#46;&#46;&#46;<\/p>\n","protected":false},"author":1,"featured_media":0,"parent":0,"menu_order":0,"comment_status":"closed","ping_status":"closed","template":"","meta":{"ngg_post_thumbnail":0,"footnotes":""},"class_list":["post-17","page","type-page","status-publish","hentry"],"_links":{"self":[{"href":"https:\/\/btgvicenza.it\/index.php?rest_route=\/wp\/v2\/pages\/17","targetHints":{"allow":["GET"]}}],"collection":[{"href":"https:\/\/btgvicenza.it\/index.php?rest_route=\/wp\/v2\/pages"}],"about":[{"href":"https:\/\/btgvicenza.it\/index.php?rest_route=\/wp\/v2\/types\/page"}],"author":[{"embeddable":true,"href":"https:\/\/btgvicenza.it\/index.php?rest_route=\/wp\/v2\/users\/1"}],"replies":[{"embeddable":true,"href":"https:\/\/btgvicenza.it\/index.php?rest_route=%2Fwp%2Fv2%2Fcomments&post=17"}],"version-history":[{"count":0,"href":"https:\/\/btgvicenza.it\/index.php?rest_route=\/wp\/v2\/pages\/17\/revisions"}],"wp:attachment":[{"href":"https:\/\/btgvicenza.it\/index.php?rest_route=%2Fwp%2Fv2%2Fmedia&parent=17"}],"curies":[{"name":"wp","href":"https:\/\/api.w.org\/{rel}","templated":true}]}}